{"id":117,"date":"2022-01-21T09:43:43","date_gmt":"2022-01-21T08:43:43","guid":{"rendered":"https:\/\/www.agrft.uni-lj.si\/en\/?page_id=117"},"modified":"2025-11-19T10:35:43","modified_gmt":"2025-11-19T09:35:43","slug":"administrative-bodies","status":"publish","type":"page","link":"https:\/\/www.agrft.uni-lj.si\/en\/administrative-bodies\/","title":{"rendered":"ADMINISTRATIVE BODIES"},"content":{"rendered":"\n<div class=\"wp-block-otfm-box-spoiler-start otfm-sp__wrapper otfm-sp__box js-otfm-sp-box__closed otfm-sp__f5f5f5\" role=\"button\" aria-expanded=\"false\" data-otfm-spc=\"#f5f5f5\" style=\"text-align:left\"><div class=\"otfm-sp__title\">UL AGRFT Senate<\/div><\/div>\n\n\n\n<p>The Senate is the main expert body of the UL AGRFT.<\/p>\n\n\n\n<p>The Senate of the UL AGRFT discusses and resolves issues in the field of research and development, artistic and teaching activities of the UL AGRFT. It gives suggestions on the adoption of passable solutions to the University of Senate.<\/p>\n\n\n\n<p><strong>Members of the UL AGRFT Senate for the 2023\u20132027 term of office:<\/strong><\/p>\n\n\n\n<ul class=\"wp-block-list\">\n<li><strong>\u017danina Mir\u010devska,<\/strong> M.Phil., Prof., Dean<\/li>\n\n\n\n<li><strong>Miran Zupani\u010d,<\/strong> Prof., Vice-Dean<\/li>\n\n\n\n<li><strong>Aldo Milohni\u0107<\/strong>, PhD, Prof.<\/li>\n\n\n\n<li><strong>Barbara Orel<\/strong>, PhD, Prof.<\/li>\n\n\n\n<li><strong>Toma\u017e Topori\u0161i\u010d<\/strong>, PhD, Prof.<\/li>\n\n\n\n<li><strong>Polona Petek<\/strong>, PhD, Assist. Prof.<\/li>\n\n\n\n<li><strong>Stanko Kostanjevec<\/strong>, M.Phil., Assist. Prof.<\/li>\n\n\n\n<li><strong>Simon Tan\u0161ek<\/strong>, Assoc. Prof.<\/li>\n\n\n\n<li><strong>Nata\u0161a Barbara Gra\u010dner<\/strong>, Prof.<\/li>\n\n\n\n<li><strong>Jasna Vastl<\/strong>, M.Phil., Prof.<\/li>\n\n\n\n<li><strong>Matja\u017e Zupan\u010di\u010d<\/strong>, Prof.<\/li>\n\n\n\n<li><strong>Ula Talija Pollak,<\/strong> student vice-dean<\/li>\n\n\n\n<li><strong>Eneja \u0160temberger<\/strong>, student<\/li>\n\n\n\n<li><strong>Matic Dominko<\/strong>, student<\/li>\n\n\n\n<li><strong>Lina Horvat<\/strong>, student<\/li>\n<\/ul>\n\n\n\n<div class=\"wp-block-otfm-box-spoiler-end otfm-sp_end\"><\/div>\n\n\n\n<div class=\"wp-block-otfm-box-spoiler-start otfm-sp__wrapper otfm-sp__box js-otfm-sp-box__closed otfm-sp__f5f5f5\" role=\"button\" aria-expanded=\"false\" data-otfm-spc=\"#f5f5f5\" style=\"text-align:left\"><div class=\"otfm-sp__title\">Senate commissions<\/div><\/div>\n\n\n\n<p><strong>Commission for Study Matters<\/strong><\/p>\n\n\n\n<p>The Commission for Study Matters is composed of the heads of departments and the head of the Centre.<\/p>\n\n\n\n<p><strong>Commission for Artistic, Research and Development Activities<\/strong><\/p>\n\n\n\n<p>The Commission for Artistic, Research and Development Activities is composed of the heads of departments and the head of the Centre.<\/p>\n\n\n\n<p><strong>Habilitation Commission<\/strong><\/p>\n\n\n\n<p>The Habilitation Commission is composed of the heads of departments and the head of the Centre.<\/p>\n\n\n\n<p><strong>Commission for International Cooperation<\/strong><\/p>\n\n\n\n<p>The Commission for International Cooperation is composed of the heads of departments and the head of the Centre.<\/p>\n\n\n\n<p><strong>Commission for Quality<\/strong><\/p>\n\n\n\n<p>The Commission for Quality is composed of four members, namely one from each of the departments and one student.<\/p>\n\n\n\n<div class=\"wp-block-otfm-box-spoiler-end otfm-sp_end\"><\/div>\n\n\n\n<div class=\"wp-block-otfm-box-spoiler-start otfm-sp__wrapper otfm-sp__box js-otfm-sp-box__closed otfm-sp__f5f5f5\" role=\"button\" aria-expanded=\"false\" data-otfm-spc=\"#f5f5f5\" style=\"text-align:left\"><div class=\"otfm-sp__title\">Academic assembly<\/div><\/div>\n\n\n\n<p>The Academic Assembly reviews Dean\u2019s reports on the Academy\u2019s activities and provides suggestions and initiatives to the Senate of UL AGRFT. &nbsp;It is composed of academic staff, non-academic staff, research professionals, professional associates of UL AGRFT, as well as of student representatives of UL AGRFT.&nbsp;<\/p>\n\n\n\n<p><strong>CHAIR<\/strong><\/p>\n\n\n\n<p><strong><strong>Polona Petek<\/strong><\/strong>, PhD, Assist. Prof.<\/p>\n\n\n\n<div class=\"wp-block-otfm-box-spoiler-end otfm-sp_end\"><\/div>\n\n\n\n<div class=\"wp-block-otfm-box-spoiler-start otfm-sp__wrapper otfm-sp__box js-otfm-sp-box__closed otfm-sp__f5f5f5\" role=\"button\" aria-expanded=\"false\" data-otfm-spc=\"#f5f5f5\" style=\"text-align:left\"><div class=\"otfm-sp__title\">Student council<\/div><\/div>\n\n\n\n<p>The Student Council of UL AGRFT is an administrative body of UL AGRFT students. The Student Council consists of nine members, elected by the UL AGRFT students among their own ranks.<br><br>Main tasks of the UL AGRFT Student Council include:<\/p>\n\n\n\n<ul class=\"wp-block-list\">\n<li>to discuss all matters regarding student rights and obligations,<\/li>\n\n\n\n<li>to provide assessment based on a student survey regarding teaching competences in the appointment procedures for university lecturers and associates,<\/li>\n\n\n\n<li>to formulate UL AGRFT student assessment for the University Student Council and elect student members of the working and administrative bodies at UL AGRFT,<\/li>\n\n\n\n<li>to formulate optionally their assessment on candidates for the Dean.<\/li>\n<\/ul>\n\n\n\n<p><strong><strong>President of the UL AGRFT Student Council<\/strong><\/strong><\/p>\n\n\n\n<p><a href=\"mailto:md03122@student.uni-lj.si\" target=\"_blank\" rel=\"noreferrer noopener\">Matic Dominko<\/a><\/p>\n\n\n\n<p><strong><strong>Vice-President of the UL AGRFT Student Council<\/strong><\/strong><\/p>\n\n\n\n<p><a href=\"mailto:ls71516@student.uni-lj.si\"><\/a><a href=\"mailto:ls71516@student.uni-lj.si\">Lara \u0160ifrer<\/a><\/p>\n\n\n\n<p><strong><strong><strong>Secretary of the UL AGRFT Student Council<\/strong><\/strong><\/strong><\/p>\n\n\n\n<p><a href=\"mailto:vs68393@student.uni-lj.si\"><a href=\"mailto:lh52299@student.uni-lj.si\">Lina Horvat<\/a><\/a><\/p>\n\n\n\n<p><strong><strong>Members of the UL AGRFT Student Council<\/strong><\/strong><\/p>\n\n\n\n<p>Vuka\u0161in Stepan\u010di\u0107, Matic Dominko, Emanuel Krajnc, Lara \u0160ifrer, Eneja \u0160temberger, Lina Horvat, Ivona Furlan, Filip Babi\u010d, Dominik Kri\u017e<\/p>\n\n\n\n<div class=\"wp-block-otfm-box-spoiler-end otfm-sp_end\"><\/div>\n","protected":false},"excerpt":{"rendered":"<p>The Senate is the main expert body of the UL AGRFT. The Senate of the UL AGRFT discusses and resolves issues in the field of research and development, artistic and [&hellip;]<\/p>\n","protected":false},"author":1,"featured_media":0,"parent":0,"menu_order":0,"comment_status":"closed","ping_status":"closed","template":"","meta":{"cybocfi_hide_featured_image":"","footnotes":"","_links_to":"","_links_to_target":""},"class_list":["post-117","page","type-page","status-publish","czr-hentry"],"_links":{"self":[{"href":"https:\/\/www.agrft.uni-lj.si\/en\/wp-json\/wp\/v2\/pages\/117","targetHints":{"allow":["GET"]}}],"collection":[{"href":"https:\/\/www.agrft.uni-lj.si\/en\/wp-json\/wp\/v2\/pages"}],"about":[{"href":"https:\/\/www.agrft.uni-lj.si\/en\/wp-json\/wp\/v2\/types\/page"}],"author":[{"embeddable":true,"href":"https:\/\/www.agrft.uni-lj.si\/en\/wp-json\/wp\/v2\/users\/1"}],"replies":[{"embeddable":true,"href":"https:\/\/www.agrft.uni-lj.si\/en\/wp-json\/wp\/v2\/comments?post=117"}],"version-history":[{"count":17,"href":"https:\/\/www.agrft.uni-lj.si\/en\/wp-json\/wp\/v2\/pages\/117\/revisions"}],"predecessor-version":[{"id":2997,"href":"https:\/\/www.agrft.uni-lj.si\/en\/wp-json\/wp\/v2\/pages\/117\/revisions\/2997"}],"wp:attachment":[{"href":"https:\/\/www.agrft.uni-lj.si\/en\/wp-json\/wp\/v2\/media?parent=117"}],"curies":[{"name":"wp","href":"https:\/\/api.w.org\/{rel}","templated":true}]}}