{"id":127,"date":"2022-01-21T16:49:01","date_gmt":"2022-01-21T15:49:01","guid":{"rendered":"https:\/\/www.agrft.uni-lj.si\/en\/?page_id=127"},"modified":"2023-10-05T08:44:50","modified_gmt":"2023-10-05T06:44:50","slug":"sodelavci","status":"publish","type":"page","link":"https:\/\/www.agrft.uni-lj.si\/en\/sodelavci\/","title":{"rendered":"AGRFT Community"},"content":{"rendered":"\n<p><strong>Dean<\/strong><br>\u017danina Mir\u010devska, M.A., Prof.<br><br><strong>Vice-Dean for Research and Artistic Activities<\/strong><br>Toma\u017e Guben\u0161ek, Prof.<br><br><strong>Vice-Dean of Academic Affairs<\/strong><br>Miran Zupani\u010d, Prof.<\/p>\n\n\n\n<p><strong>Student Vice-Dean<\/strong><br>Ula Talija Pollak<\/p>\n\n\n\n<p><strong>Secretary General<\/strong><br>Alenka Burger<\/p>\n\n\n\n<p><\/p>\n\n\n\n<p><strong>CONTACT<\/strong><\/p>\n\n\n\n<p><a href=\"mailto:dekanat@agrft.uni-lj.si\">dekanat@agrft.uni-lj.si<\/a><\/p>\n\n\n\n<p>+386 1 251 04 12<\/p>\n\n\n\n<p><\/p>\n\n\n\n<div class=\"wp-block-columns is-layout-flex wp-container-core-columns-is-layout-9d6595d7 wp-block-columns-is-layout-flex\">\n<div class=\"wp-block-column is-layout-flow wp-block-column-is-layout-flow\"><\/div>\n<\/div>\n\n\n\n<p><a href=\"https:\/\/www.agrft.uni-lj.si\/sodelavci\/\">Employees<\/a><\/p>\n","protected":false},"excerpt":{"rendered":"<p>Dean\u017danina Mir\u010devska, M.A., Prof. Vice-Dean for Research and Artistic ActivitiesToma\u017e Guben\u0161ek, Prof. Vice-Dean of Academic AffairsMiran Zupani\u010d, Prof. Student Vice-DeanUla Talija Pollak Secretary GeneralAlenka Burger CONTACT dekanat@agrft.uni-lj.si +386 1 251 [&hellip;]<\/p>\n","protected":false},"author":1,"featured_media":0,"parent":0,"menu_order":0,"comment_status":"closed","ping_status":"closed","template":"","meta":{"cybocfi_hide_featured_image":"","footnotes":"","_links_to":"","_links_to_target":""},"class_list":["post-127","page","type-page","status-publish","czr-hentry"],"_links":{"self":[{"href":"https:\/\/www.agrft.uni-lj.si\/en\/wp-json\/wp\/v2\/pages\/127","targetHints":{"allow":["GET"]}}],"collection":[{"href":"https:\/\/www.agrft.uni-lj.si\/en\/wp-json\/wp\/v2\/pages"}],"about":[{"href":"https:\/\/www.agrft.uni-lj.si\/en\/wp-json\/wp\/v2\/types\/page"}],"author":[{"embeddable":true,"href":"https:\/\/www.agrft.uni-lj.si\/en\/wp-json\/wp\/v2\/users\/1"}],"replies":[{"embeddable":true,"href":"https:\/\/www.agrft.uni-lj.si\/en\/wp-json\/wp\/v2\/comments?post=127"}],"version-history":[{"count":28,"href":"https:\/\/www.agrft.uni-lj.si\/en\/wp-json\/wp\/v2\/pages\/127\/revisions"}],"predecessor-version":[{"id":2606,"href":"https:\/\/www.agrft.uni-lj.si\/en\/wp-json\/wp\/v2\/pages\/127\/revisions\/2606"}],"wp:attachment":[{"href":"https:\/\/www.agrft.uni-lj.si\/en\/wp-json\/wp\/v2\/media?parent=127"}],"curies":[{"name":"wp","href":"https:\/\/api.w.org\/{rel}","templated":true}]}}