{"id":183,"date":"2022-01-21T21:31:06","date_gmt":"2022-01-21T20:31:06","guid":{"rendered":"https:\/\/www.agrft.uni-lj.si\/en\/?page_id=183"},"modified":"2024-01-30T16:10:33","modified_gmt":"2024-01-30T15:10:33","slug":"department-of-theatre-and-radio","status":"publish","type":"page","link":"https:\/\/www.agrft.uni-lj.si\/en\/department-of-theatre-and-radio\/","title":{"rendered":"DEPARTMENT OF THEATRE AND RADIO"},"content":{"rendered":"<div class=\"media col-1-3\">\n<div class=\"field field-name-field-content-block field-type-text-long field-label-hidden\">\n<div class=\"field field-name-body field-type-text-with-summary field-label-hidden\">\n<p>During the past seven decades, the Academy has provided training, instruction as well as job opportunities for a series of most prominent artists in the field of Slovene theatre and radio. The study programmes implemented at the Department of Theatre and Radio are founded on artistic, creative and practical basis to train, instruct and encourage art production. Practical aspects are complemented by professional and theoretical modules of a largely elective character. Under the thorough guidance of qualified university lecturers, we aim to augment the study process by inviting prominent artists, professionals and experts in various areas of performing media. Instruction at our department respects tradition, but takes into account current research and introduction of up-to-date practice in respective fields as well.<\/p>\n<\/div>\n<div class=\"media col-1-3\">\n<div class=\"field field-name-field-content-block field-type-text-long field-label-hidden\">\n<p><strong>HEAD OF THE DEPARTMENT<\/strong><\/p>\n<p>Ale\u0161 Vali\u010d, Prof.<br \/>Phone: +386 1 251 04 12<\/p>\n<\/div>\n<\/div>\n<\/div>\n<\/div>\n\n\n<div class=\"wp-block-otfm-box-spoiler-start otfm-sp__wrapper otfm-sp__box js-otfm-sp-box__closed otfm-sp__f5f5f5\" role=\"button\" aria-expanded=\"false\" data-otfm-spc=\"#f5f5f5\" style=\"text-align:left\"><div class=\"otfm-sp__title\">CHAIR OF STAGE ACTING<\/div><\/div>\n\n\n<div class=\"body col-1-1\">\n<div class=\"pane-content\">\n<article id=\"node-235\" class=\"node node-page full layout-none has-gallery clearfix\">\n<div class=\"content\">\n<div class=\"grid\">\n<div class=\"body col-1-1\">\n<div class=\"field field-name-body field-type-text-with-summary field-label-hidden\">\n<p><strong>Head<\/strong><\/p>\n<p><strong><a href=\"mailto:natasabarbara@agrft.uni-lj.si\" target=\"_blank\" rel=\"noopener\">Nata\u0161a Barbara Gra\u010dner, Prof.<\/a><\/strong><br \/>Phone: 01 251 04 12<\/p>\n<p><strong>Teachers<\/strong><\/p>\n<ul>\n<li><strong><a href=\"mailto:natasabarbara@agrft.uni-lj.si\" target=\"_blank\" rel=\"noopener\">Nata\u0161a Barbara Gra\u010dner, Prof.<\/a><\/strong>, University Teacher of Stage Acting and the Artistic Word<\/li>\n<li><strong><a href=\"mailto:branko.sturbej@agrft.uni-lj.si\" target=\"_blank\" rel=\"noopener\">Branko \u0160turbej, Prof.<\/a><\/strong>, University Teacher of Stage Acting and the Artistic Word<\/li>\n<li><strong><a href=\"mailto:branko.jordan@agrft.uni-lj.si\" target=\"_blank\" rel=\"noopener\">Branko Jordan, Assist. Prof.<\/a><\/strong>, University Teacher of Stage Acting and the Artistic Word<\/li>\n<\/ul>\n<p><strong>Part-Time Associate<\/strong><\/p>\n<ul>\n<li><strong><a href=\"mailto:boris.ostan@guest.arnes.si\" target=\"_blank\" rel=\"noopener\">Boris Ostan, Prof.<\/a><\/strong>, University Teacher of Stage Acting and the Artistic Word<\/li>\n<\/ul>\n<\/div>\n<\/div>\n<\/div>\n<\/div>\n<\/article>\n<\/div>\n<\/div>\n\n\n<div class=\"wp-block-otfm-box-spoiler-end otfm-sp_end\"><\/div>\n\n\n\n<div class=\"wp-block-otfm-box-spoiler-start otfm-sp__wrapper otfm-sp__box js-otfm-sp-box__closed otfm-sp__f5f5f5\" role=\"button\" aria-expanded=\"false\" data-otfm-spc=\"#f5f5f5\" style=\"text-align:left\"><div class=\"otfm-sp__title\">CHAIR OF THEATRE SINGING<\/div><\/div>\n\n\n<div class=\"pane-content\">\n<article id=\"node-236\" class=\"node node-page full layout-none has-gallery clearfix\">\n<div class=\"content\">\n<div class=\"grid\">\n<div class=\"body col-1-1\">\n<div class=\"field field-name-body field-type-text-with-summary field-label-hidden\">\n<p><strong>Head<\/strong><\/p>\n<p><strong><a href=\"mailto:zarko.princic@agrft.uni-lj.si\" target=\"_blank\" rel=\"noopener\">\u017darko Prin\u010di\u010d, Prof.<\/a><\/strong><br \/>Phone: 01 251 04 12<\/p>\n<p><strong>Teachers<\/strong><\/p>\n<ul>\n<li><strong><a href=\"mailto:zarko.princic@agrft.uni-lj.si\" target=\"_blank\" rel=\"noopener\">\u017darko Prin\u010di\u010d, Prof.<\/a><\/strong>, University Teacher of Theatre Singing<\/li>\n<li><strong><a href=\"mailto:Darja.SvajgerMohoric@agrft.uni-lj.si\" target=\"_blank\" rel=\"noopener\">Darja \u0160vajger Mohori\u010d, Assoc. Prof.<\/a><\/strong>, University Teacher of Theatre Singing<\/li>\n<\/ul>\n<\/div>\n<\/div>\n<div class=\"media col-1-1\">\u00a0<\/div>\n<\/div>\n<\/div>\n<\/article>\n<\/div>\n\n\n<div class=\"wp-block-otfm-box-spoiler-end otfm-sp_end\"><\/div>\n\n\n\n<div class=\"wp-block-otfm-box-spoiler-start otfm-sp__wrapper otfm-sp__box js-otfm-sp-box__closed otfm-sp__f5f5f5\" role=\"button\" aria-expanded=\"false\" data-otfm-spc=\"#f5f5f5\" style=\"text-align:left\"><div class=\"otfm-sp__title\">CHAIR OF SPEECH<\/div><\/div>\n\n\n<div class=\"pane-content\">\n<article id=\"node-237\" class=\"node node-page full layout-none has-gallery clearfix\">\n<div class=\"content\">\n<div class=\"grid\">\n<p><strong>Head<\/strong><\/p>\n<p><strong><a href=\"mailto:Nina.Zavbi@agrft.uni-lj.si\" target=\"_blank\" rel=\"noopener\">Nina \u017davbi, PhD, Assist. Prof.<\/a><\/strong><br \/>Phone: 01 251 04 12<\/p>\n<p><strong>Teachers<\/strong><\/p>\n<ul>\n<li><strong><a href=\"mailto:tomaz.gubensek@agrft.uni-lj.si\" target=\"_blank\" rel=\"noopener\">Toma\u017e Guben\u0161ek, Prof.<\/a><\/strong>, University Teacher of Speech<\/li>\n<li><strong><a href=\"mailto:alida.bevk@agrft.uni-lj.si\" target=\"_blank\" rel=\"noopener\">Alida Bevk, M.A., Prof.<\/a><\/strong>, University Teacher of Speech<\/li>\n<li><strong><a href=\"mailto:Nina.Zavbi@agrft.uni-lj.si\" target=\"_blank\" rel=\"noopener\">Nina \u017davbi, PhD, Assist. Prof.<\/a><\/strong>, University Teacher of Speech<\/li>\n<li><strong><a href=\"mailto:martin.vrtacnik@agrft.uni-lj.si\">Martin Vrta\u010dnik, Assist.<\/a><\/strong>, Assistant for Speech<\/li>\n<\/ul>\n<\/div>\n<\/div>\n<\/article>\n<\/div>\n\n\n<div class=\"wp-block-otfm-box-spoiler-end otfm-sp_end\"><\/div>\n\n\n\n<div class=\"wp-block-otfm-box-spoiler-start otfm-sp__wrapper otfm-sp__box js-otfm-sp-box__closed otfm-sp__f5f5f5\" role=\"button\" aria-expanded=\"false\" data-otfm-spc=\"#f5f5f5\" style=\"text-align:left\"><div class=\"otfm-sp__title\">CHAIR OF THE ARTISTIC WORD<\/div><\/div>\n\n\n<p><strong>Head<\/strong><\/p>\n<p><strong><a href=\"mailto:ales.valic@agrft.uni-lj.si\" target=\"_blank\" rel=\"noopener\">Ale\u0161 Vali\u010d, Prof.<\/a><\/strong><br \/>Phone: 01 251 04 12<\/p>\n<p><strong>Teachers<\/strong><\/p>\n<ul>\n<li><strong><a href=\"mailto:ales.valic@agrft.uni-lj.si\" target=\"_blank\" rel=\"noopener\">Ale\u0161 Vali\u010d, Prof.<\/a><\/strong>, University Teacher of Stage Acting and the Artistic Word<\/li>\n<\/ul>\n\n\n<div class=\"wp-block-otfm-box-spoiler-end otfm-sp_end\"><\/div>\n\n\n\n<div class=\"wp-block-otfm-box-spoiler-start otfm-sp__wrapper otfm-sp__box js-otfm-sp-box__closed otfm-sp__f5f5f5\" role=\"button\" aria-expanded=\"false\" data-otfm-spc=\"#f5f5f5\" style=\"text-align:left\"><div class=\"otfm-sp__title\">CHAIR OF DANCE AND MOVEMENT<\/div><\/div>\n\n\n<div class=\"pane-content\">\n<article id=\"node-239\" class=\"node node-page full layout-none has-gallery clearfix\">\n<div class=\"content\">\n<div class=\"grid\">\n<div class=\"body col-1-1\">\n<div class=\"field field-name-body field-type-text-with-summary field-label-hidden\">\n<p><strong>Head<\/strong><\/p>\n<p><strong><a href=\"mailto:tanja.zgonc@agrft.uni-lj.si\" target=\"_blank\" rel=\"noopener\">Tanja Zgonc, Prof.<\/a><\/strong><br \/>Phone: 01 251 04 12<\/p>\n<p><strong>Teachers<\/strong><\/p>\n<ul>\n<li><strong><a href=\"mailto:ursula.terzan@agrft.uni-lj.si\" target=\"_blank\" rel=\"noopener\">Ur\u0161ula Ter\u017ean, M.A., Prof.<\/a><\/strong>, University Teacher of Dance &#8211; Movement \u2013 Stage expression<\/li>\n<li><strong><a href=\"mailto:tanja.zgonc@agrft.uni-lj.si\" target=\"_blank\" rel=\"noopener\">Tanja Zgonc, Prof.<\/a><\/strong>, University Teacher of Dance &#8211; Movement \u2013 Stage expression\u00a0<\/li>\n<\/ul>\n<\/div>\n<\/div>\n<div class=\"media col-1-1\">\u00a0<\/div>\n<\/div>\n<\/div>\n<\/article>\n<\/div>\n\n\n<div class=\"wp-block-otfm-box-spoiler-end otfm-sp_end\"><\/div>\n\n\n\n<div class=\"wp-block-otfm-box-spoiler-start otfm-sp__wrapper otfm-sp__box js-otfm-sp-box__closed otfm-sp__f5f5f5\" role=\"button\" aria-expanded=\"false\" data-otfm-spc=\"#f5f5f5\" style=\"text-align:left\"><div class=\"otfm-sp__title\">CHAIR OF THEATRE AND RADIO DIRECTING<\/div><\/div>\n\n\n<p><strong>Head<\/strong><\/p>\n<p><strong><a href=\"mailto:jernej.lorenci@agrft.uni-lj.si\" target=\"_blank\" rel=\"noopener\">Jernej Lorenci, Assoc. Prof.<\/a><\/strong><br \/>Phone: 01 251 04 12<\/p>\n<p><strong>Teachers<\/strong><\/p>\n<ul>\n<li><strong><a href=\"mailto:sebastijan.horvat@agrft.uni-lj.si\" target=\"_blank\" rel=\"noopener\">Sebastijan Horvat, M.A., Prof.<\/a><\/strong>, University Teacher of Theatre and Radio Directing<\/li>\n<li><strong><a href=\"mailto:jernej.lorenci@agrft.uni-lj.si\" target=\"_blank\" rel=\"noopener\">Jernej Lorenci, Assoc. Prof.<\/a><\/strong>, University Teacher of Theatre and Radio Directing<\/li>\n<li><strong><a href=\"mailto:janez.pipan@agrft.uni-lj.si\" target=\"_blank\" rel=\"noopener\">Janez Pipan, Prof.<\/a><\/strong>, University Teacher of Theatre and Radio Directing<\/li>\n<li><strong><a href=\"mailto:matjaz.zupancic@agrft.uni-lj.si\" target=\"_blank\" rel=\"noopener\">Matja\u017e Zupan\u010di\u010d, Prof.<\/a><\/strong>, University Teacher of Theatre and Radio Directing<\/li>\n<\/ul>\n\n\n<div class=\"wp-block-otfm-box-spoiler-end otfm-sp_end\"><\/div>\n\n\n\n<div class=\"wp-block-otfm-box-spoiler-start otfm-sp__wrapper otfm-sp__box js-otfm-sp-box__closed otfm-sp__f5f5f5\" role=\"button\" aria-expanded=\"false\" data-otfm-spc=\"#f5f5f5\" style=\"text-align:left\"><div class=\"otfm-sp__title\">CHAIR OF SCENE DESIGN<br \/><\/div><\/div>\n\n\n<div class=\"pane-content\">\n<article id=\"node-241\" class=\"node node-page full layout-none has-gallery clearfix\">\n<div class=\"content\">\n<div class=\"grid\">\n<div class=\"body col-1-1\">\n<div class=\"field field-name-body field-type-text-with-summary field-label-hidden\">\n<p><strong>Head<\/strong><\/p>\n<p><strong><a href=\"mailto:jasna.vastl@agrft.uni-lj.si\" target=\"_blank\" rel=\"noopener\">Jasna Vastl, M.A., Prof.<\/a><\/strong><br \/>Phone: 01 251 04 12<\/p>\n<p><strong>Teachers<\/strong><\/p>\n<ul>\n<li><strong><a href=\"mailto:janja.korun@agrft.uni-lj.si\" target=\"_blank\" rel=\"noopener\">Janja Korun, Prof.<\/a><\/strong>, University Teacher of Costume Design<\/li>\n<li><strong><a href=\"mailto:jasna.vastl@agrft.uni-lj.si\" target=\"_blank\" rel=\"noopener\">Jasna Vastl, M.A., Prof.<\/a><\/strong>, University Teacher of Set Design<\/li>\n<li><strong><a href=\"mailto:tina.kolenik@agrft.uni-lj.si\" target=\"_blank\" rel=\"noopener\">Tina Kolenik, M.A., Assist. Prof.<\/a><\/strong>, University Teacher of Costume Design<\/li>\n<\/ul>\n<\/div>\n<\/div>\n<div class=\"media col-1-1\">\u00a0<\/div>\n<\/div>\n<\/div>\n<\/article>\n<\/div>\n\n\n<div class=\"wp-block-otfm-box-spoiler-end otfm-sp_end\"><\/div>\n\n\n\n<div class=\"wp-block-otfm-box-spoiler-start otfm-sp__wrapper otfm-sp__box js-otfm-sp-box__closed otfm-sp__f5f5f5\" role=\"button\" aria-expanded=\"false\" data-otfm-spc=\"#f5f5f5\" style=\"text-align:left\"><div class=\"otfm-sp__title\">STAFF<\/div><\/div>\n\n\n<ul>\n<li><strong><a href=\"mailto:peter.cernetic@agrft.uni-lj.si\" target=\"_blank\" rel=\"noopener\">Peter \u010cerneti\u010d<\/a><\/strong>, Technical Associate<\/li>\n<\/ul>\n<p>Phone: 031 389 875<\/p>\n<ul>\n<li><strong><a href=\"mailto:miha.budin@agrft.uni-lj.si\" target=\"_blank\" rel=\"noopener\">Miha Budin<\/a><\/strong>, Technical Associate<\/li>\n<\/ul>\n<p>Phone: 031 389 836<\/p>\n\n\n<div class=\"wp-block-otfm-box-spoiler-end otfm-sp_end\"><\/div>\n","protected":false},"excerpt":{"rendered":"<p>During the past seven decades, the Academy has provided training, instruction as well as job opportunities for a series of most prominent artists in the field of Slovene theatre and [&hellip;]<\/p>\n","protected":false},"author":1,"featured_media":0,"parent":0,"menu_order":0,"comment_status":"closed","ping_status":"closed","template":"","meta":{"cybocfi_hide_featured_image":"","footnotes":"","_links_to":"","_links_to_target":""},"class_list":["post-183","page","type-page","status-publish","czr-hentry"],"_links":{"self":[{"href":"https:\/\/www.agrft.uni-lj.si\/en\/wp-json\/wp\/v2\/pages\/183","targetHints":{"allow":["GET"]}}],"collection":[{"href":"https:\/\/www.agrft.uni-lj.si\/en\/wp-json\/wp\/v2\/pages"}],"about":[{"href":"https:\/\/www.agrft.uni-lj.si\/en\/wp-json\/wp\/v2\/types\/page"}],"author":[{"embeddable":true,"href":"https:\/\/www.agrft.uni-lj.si\/en\/wp-json\/wp\/v2\/users\/1"}],"replies":[{"embeddable":true,"href":"https:\/\/www.agrft.uni-lj.si\/en\/wp-json\/wp\/v2\/comments?post=183"}],"version-history":[{"count":26,"href":"https:\/\/www.agrft.uni-lj.si\/en\/wp-json\/wp\/v2\/pages\/183\/revisions"}],"predecessor-version":[{"id":2697,"href":"https:\/\/www.agrft.uni-lj.si\/en\/wp-json\/wp\/v2\/pages\/183\/revisions\/2697"}],"wp:attachment":[{"href":"https:\/\/www.agrft.uni-lj.si\/en\/wp-json\/wp\/v2\/media?parent=183"}],"curies":[{"name":"wp","href":"https:\/\/api.w.org\/{rel}","templated":true}]}}