{"id":185,"date":"2022-01-21T21:32:52","date_gmt":"2022-01-21T20:32:52","guid":{"rendered":"https:\/\/www.agrft.uni-lj.si\/en\/?page_id=185"},"modified":"2023-08-24T14:51:54","modified_gmt":"2023-08-24T12:51:54","slug":"department-of-dramaturgy-and-performing-arts","status":"publish","type":"page","link":"https:\/\/www.agrft.uni-lj.si\/en\/department-of-dramaturgy-and-performing-arts\/","title":{"rendered":"DEPARTMENT OF DRAMATURGY AND PERFORMING ARTS"},"content":{"rendered":"<p>The academic staff of the Department of Dramaturgy and Performing Arts is involved in history and theoretic studies of performing arts and film. Special focus is placed on the reflection of theatre\u00a0 creative output in Slovenia. The Department was founded in 1945. The development of teaching practice and research in dramaturgy was in initial decades mostly influenced by Professors Filip Kalan \u2013 Kumbatovi\u010d, Josip Vidmar, Vladimir Kralj, and France Koblar. Subsequently, the advance of the department was significantly marked by the academic achievements of Professors Primo\u017e Kozak, Mirko Zupan\u010di\u010d, Marko Marin, Andrej Inkret, member of Slovene Arts and Scientist Academy, Denis Poni\u017e and Barbara Su\u0161ec Mishieli. Today, the department employs five full-time university lecturers.<\/p>\n<p><strong>HEAD OF THE DEPARTMENT<\/strong><\/p>\n<p><a href=\"mailto:blaz.lukan@agrft.uni-lj.si\">Bla\u017e Lukan, Assist. Prof.<\/a><br \/>Phone: +386 1 251 04 12<\/p>\n\n\n<div class=\"wp-block-otfm-box-spoiler-start otfm-sp__wrapper otfm-sp__box js-otfm-sp-box__closed otfm-sp__f5f5f5\" role=\"button\" data-otfm-spc=\"#f5f5f5\" style=\"text-align:left\"><div class=\"otfm-sp__title\">CHAIR OF DRAMATURGY AND HISTORY OF DRAMA<\/div><\/div>\n\n\n<p><strong>Head<\/strong><\/p>\n<p><strong><a href=\"mailto:tomaz.toporisic@agrft.uni-lj.si\" target=\"_blank\" rel=\"noopener\">Toma\u017e Topori\u0161i\u010d, PhD, Prof.<\/a><\/strong><br \/>Phone: 01 251 04 12<\/p>\n<p><strong>Teachers<\/strong><\/p>\n<ul>\n<li><strong><a href=\"mailto:blaz.lukan@agrft.uni-lj.si\" target=\"_blank\" rel=\"noopener\">Bla\u017e Lukan, PhD, Assist. Prof.<\/a><\/strong>, University Teacher of Dramaturgy and Performing Arts Studies<\/li>\n<li><strong><a href=\"mailto:tomaz.toporisic@agrft.uni-lj.si\" target=\"_blank\" rel=\"noopener\">Toma\u017e Topori\u0161i\u010d, PhD, Prof.<\/a><\/strong>, University Teacher of Dramaturgy and Performing Arts Studies<\/li>\n<\/ul>\n\n\n<div class=\"wp-block-otfm-box-spoiler-end otfm-sp_end\"><\/div>\n\n\n\n<div class=\"wp-block-otfm-box-spoiler-start otfm-sp__wrapper otfm-sp__box js-otfm-sp-box__closed otfm-sp__f5f5f5\" role=\"button\" data-otfm-spc=\"#f5f5f5\" style=\"text-align:left\"><div class=\"otfm-sp__title\">CHAIR OF THE HISTORY OF THEATRE AND RADIO<\/div><\/div>\n\n\n<div class=\"pane-content\">\n<article id=\"node-246\" class=\"node node-page full layout-none has-gallery clearfix\">\n<div class=\"content\">\n<div class=\"grid\">\n<div class=\"body col-1-1\">\n<div class=\"field field-name-body field-type-text-with-summary field-label-hidden\">\n<p><strong>Head<\/strong><\/p>\n<p><strong><a href=\"mailto:barbara.orel@agrft.uni-lj.si\" target=\"_blank\" rel=\"noopener\">Barbara Orel, PhD, Prof.<\/a><\/strong><br \/>Phone: 01 251 04 12<\/p>\n<p><strong>Teachers<\/strong><\/p>\n<ul>\n<li><strong><a href=\"mailto:barbara.orel@agrft.uni-lj.si\" target=\"_blank\" rel=\"noopener\">Barbara Orel, PhD, Prof.<\/a><\/strong>, University Teacher of Dramaturgy and Performing Arts Studies<\/li>\n<li><strong><a href=\"mailto:aldo.milohnic@agrft.uni-lj.si\" target=\"_blank\" rel=\"noopener\">Aldo Milohni\u0107, PhD, Prof.<\/a><\/strong>, University Teacher of Dramaturgy and Performing Arts Studies<\/li>\n<\/ul>\n<\/div>\n<\/div>\n<\/div>\n<\/div>\n<\/article>\n<\/div>\n\n\n<div class=\"wp-block-otfm-box-spoiler-end otfm-sp_end\"><\/div>\n\n\n\n<div class=\"wp-block-otfm-box-spoiler-start otfm-sp__wrapper otfm-sp__box js-otfm-sp-box__closed otfm-sp__f5f5f5\" role=\"button\" data-otfm-spc=\"#f5f5f5\" style=\"text-align:left\"><div class=\"otfm-sp__title\">CHAIR OF PLAYWRITING<\/div><\/div>\n\n\n<p><strong>Head<\/strong><\/p>\n<p><strong><a href=\"mailto:zanina.mircevska@agrft.uni-lj.si\" target=\"_blank\" rel=\"noopener\">\u017danina Mir\u010devska, M.A., Prof.<\/a><\/strong><br \/>Phone: 01 251 04 12<\/p>\n<p><strong>Teachers<\/strong><\/p>\n<ul>\n<li><strong><a href=\"mailto:zanina.mircevska@agrft.uni-lj.si\" target=\"_blank\" rel=\"noopener\">\u017danina Mir\u010devska, M.A., Prof.<\/a><\/strong>, University Teacher of Playwriting<\/li>\n<\/ul>\n\n\n<div class=\"wp-block-otfm-box-spoiler-end otfm-sp_end\"><\/div>\n","protected":false},"excerpt":{"rendered":"<p>The academic staff of the Department of Dramaturgy and Performing Arts is involved in history and theoretic studies of performing arts and film. Special focus is placed on the reflection [&hellip;]<\/p>\n","protected":false},"author":1,"featured_media":0,"parent":0,"menu_order":0,"comment_status":"closed","ping_status":"closed","template":"","meta":{"cybocfi_hide_featured_image":"","footnotes":"","_links_to":"","_links_to_target":""},"class_list":["post-185","page","type-page","status-publish","czr-hentry"],"_links":{"self":[{"href":"https:\/\/www.agrft.uni-lj.si\/en\/wp-json\/wp\/v2\/pages\/185","targetHints":{"allow":["GET"]}}],"collection":[{"href":"https:\/\/www.agrft.uni-lj.si\/en\/wp-json\/wp\/v2\/pages"}],"about":[{"href":"https:\/\/www.agrft.uni-lj.si\/en\/wp-json\/wp\/v2\/types\/page"}],"author":[{"embeddable":true,"href":"https:\/\/www.agrft.uni-lj.si\/en\/wp-json\/wp\/v2\/users\/1"}],"replies":[{"embeddable":true,"href":"https:\/\/www.agrft.uni-lj.si\/en\/wp-json\/wp\/v2\/comments?post=185"}],"version-history":[{"count":11,"href":"https:\/\/www.agrft.uni-lj.si\/en\/wp-json\/wp\/v2\/pages\/185\/revisions"}],"predecessor-version":[{"id":2568,"href":"https:\/\/www.agrft.uni-lj.si\/en\/wp-json\/wp\/v2\/pages\/185\/revisions\/2568"}],"wp:attachment":[{"href":"https:\/\/www.agrft.uni-lj.si\/en\/wp-json\/wp\/v2\/media?parent=185"}],"curies":[{"name":"wp","href":"https:\/\/api.w.org\/{rel}","templated":true}]}}