{"id":1098,"date":"2025-07-21T12:47:35","date_gmt":"2025-07-21T10:47:35","guid":{"rendered":"https:\/\/www.agrft.uni-lj.si\/festival\/?page_id=1098"},"modified":"2025-09-23T15:13:44","modified_gmt":"2025-09-23T13:13:44","slug":"festival-2","status":"publish","type":"page","link":"https:\/\/www.agrft.uni-lj.si\/festival\/","title":{"rendered":"HOME-NEW"},"content":{"rendered":"<style type=\"text\/css\">\n#foogallery-gallery-1706 .fg-image { width: 800px; }<\/style>\n\t\t\t<div class=\"foogallery foogallery-container foogallery-carousel foogallery-lightbox-foogallery fg-carousel-hide-nav-arrows fg-carousel-hide-pagination fg-carousel-hide-progress-bar fg-carousel fg-ready fg-light fg-round-small fg-shadow-outline fg-caption-hover fg-hover-fade\" id=\"foogallery-gallery-1706\" data-foogallery=\"{&quot;item&quot;:{&quot;showCaptionTitle&quot;:true,&quot;showCaptionDescription&quot;:true},&quot;lazy&quot;:true,&quot;template&quot;:{&quot;maxItems&quot;:5,&quot;scale&quot;:0.25,&quot;gutter&quot;:{&quot;min&quot;:0,&quot;max&quot;:-20,&quot;unit&quot;:&quot;%&quot;},&quot;autoplay&quot;:{&quot;time&quot;:10,&quot;interaction&quot;:&quot;pause&quot;},&quot;centerOnClick&quot;:true,&quot;align&quot;:&quot;center&quot;,&quot;activePosition&quot;:&quot;center&quot;}}\" data-foogallery-lightbox=\"{&quot;thumbs&quot;:&quot;bottom&quot;,&quot;thumbsCaptions&quot;:false,&quot;thumbsBestFit&quot;:false,&quot;thumbsSmall&quot;:false,&quot;thumbsCaptionsAlign&quot;:&quot;default&quot;,&quot;info&quot;:&quot;bottom&quot;,&quot;infoVisible&quot;:true,&quot;infoOverlay&quot;:true,&quot;infoAlign&quot;:&quot;default&quot;,&quot;transition&quot;:&quot;fade&quot;,&quot;hoverButtons&quot;:false,&quot;fitMedia&quot;:false,&quot;noScrollbars&quot;:true,&quot;preserveButtonSpace&quot;:true,&quot;buttons&quot;:{&quot;fullscreen&quot;:true,&quot;info&quot;:true,&quot;thumbs&quot;:false},&quot;video&quot;:{&quot;autoPlay&quot;:true}}\" style=\"--fg-title-line-clamp: 0; --fg-description-line-clamp: 0;\" >\n\t<button type=\"button\" class=\"fg-carousel-prev\" title=\"Previous\"><\/button>\n\t<div class=\"fg-carousel-inner\">\n\t\t<div class=\"fg-carousel-center\"><\/div>\n\t\t<div class=\"fg-item fg-type-image fg-idle\"><figure class=\"fg-item-inner\"><a href=\"https:\/\/www.agrft.uni-lj.si\/festival\/wp-content\/uploads\/sites\/4\/2025\/09\/Foto_Sara-Ana-Bogataj-Dolinsek-scaled.jpeg\" data-attachment-id=\"1602\" data-type=\"image\" class=\"fg-thumb\"><span class=\"fg-image-wrap\"><img fetchpriority=\"high\" decoding=\"async\" width=\"800\" height=\"600\" class=\"skip-lazy fg-image\" data-src-fg=\"https:\/\/www.agrft.uni-lj.si\/festival\/wp-content\/uploads\/sites\/4\/cache\/2025\/09\/Foto_Sara-Ana-Bogataj-Dolinsek-scaled\/2041921093.jpeg\" src=\"data:image\/svg+xml,%3Csvg%20xmlns%3D%22http%3A%2F%2Fwww.w3.org%2F2000%2Fsvg%22%20width%3D%22800%22%20height%3D%22600%22%20viewBox%3D%220%200%20800%20600%22%3E%3C%2Fsvg%3E\" loading=\"eager\"><\/span><span class=\"fg-image-overlay\"><\/span><\/a><\/figure><div class=\"fg-loader\"><\/div><\/div><div class=\"fg-item fg-type-image fg-idle\"><figure class=\"fg-item-inner\"><a href=\"https:\/\/www.agrft.uni-lj.si\/festival\/wp-content\/uploads\/sites\/4\/2025\/09\/Foto_-Peter-Uhan_SNG-Drama-Ljubljana.jpeg\" data-attachment-id=\"1620\" data-type=\"image\" class=\"fg-thumb\"><span class=\"fg-image-wrap\"><img decoding=\"async\" width=\"800\" height=\"600\" class=\"skip-lazy fg-image\" data-src-fg=\"https:\/\/www.agrft.uni-lj.si\/festival\/wp-content\/uploads\/sites\/4\/cache\/2025\/09\/Foto_-Peter-Uhan_SNG-Drama-Ljubljana\/2238004826.jpeg\" src=\"data:image\/svg+xml,%3Csvg%20xmlns%3D%22http%3A%2F%2Fwww.w3.org%2F2000%2Fsvg%22%20width%3D%22800%22%20height%3D%22600%22%20viewBox%3D%220%200%20800%20600%22%3E%3C%2Fsvg%3E\" loading=\"eager\"><\/span><span class=\"fg-image-overlay\"><\/span><\/a><\/figure><div class=\"fg-loader\"><\/div><\/div><div class=\"fg-item fg-type-image fg-idle\"><figure class=\"fg-item-inner\"><a href=\"https:\/\/www.agrft.uni-lj.si\/festival\/wp-content\/uploads\/sites\/4\/2025\/09\/UPS_IGRANI-AGRFT.jpg\" data-attachment-id=\"1583\" data-type=\"image\" class=\"fg-thumb\"><span class=\"fg-image-wrap\"><img decoding=\"async\" width=\"800\" height=\"600\" class=\"skip-lazy fg-image\" data-src-fg=\"https:\/\/www.agrft.uni-lj.si\/festival\/wp-content\/uploads\/sites\/4\/cache\/2025\/09\/UPS_IGRANI-AGRFT\/2515263536.jpg\" src=\"data:image\/svg+xml,%3Csvg%20xmlns%3D%22http%3A%2F%2Fwww.w3.org%2F2000%2Fsvg%22%20width%3D%22800%22%20height%3D%22600%22%20viewBox%3D%220%200%20800%20600%22%3E%3C%2Fsvg%3E\" loading=\"eager\"><\/span><span class=\"fg-image-overlay\"><\/span><\/a><\/figure><div class=\"fg-loader\"><\/div><\/div><div class=\"fg-item fg-type-image fg-idle\"><figure class=\"fg-item-inner\"><a href=\"https:\/\/www.agrft.uni-lj.si\/festival\/wp-content\/uploads\/sites\/4\/2025\/09\/Brutalc-brez-naslova_Luka-Pislak_KAMERA-VAJE-scaled.png\" data-attachment-id=\"1585\" data-type=\"image\" class=\"fg-thumb\"><span class=\"fg-image-wrap\"><img decoding=\"async\" width=\"800\" height=\"600\" class=\"skip-lazy fg-image\" data-src-fg=\"https:\/\/www.agrft.uni-lj.si\/festival\/wp-content\/uploads\/sites\/4\/cache\/2025\/09\/Brutalc-brez-naslova_Luka-Pislak_KAMERA-VAJE-scaled\/4175058899.png\" src=\"data:image\/svg+xml,%3Csvg%20xmlns%3D%22http%3A%2F%2Fwww.w3.org%2F2000%2Fsvg%22%20width%3D%22800%22%20height%3D%22600%22%20viewBox%3D%220%200%20800%20600%22%3E%3C%2Fsvg%3E\" loading=\"eager\"><\/span><span class=\"fg-image-overlay\"><\/span><\/a><\/figure><div class=\"fg-loader\"><\/div><\/div><div class=\"fg-item fg-type-image fg-idle\"><figure class=\"fg-item-inner\"><a href=\"https:\/\/www.agrft.uni-lj.si\/festival\/wp-content\/uploads\/sites\/4\/2025\/09\/KraljevaDruzina_AGRFT-DOKU-1.jpg\" data-attachment-id=\"1468\" data-type=\"image\" class=\"fg-thumb\"><span class=\"fg-image-wrap\"><img decoding=\"async\" width=\"800\" height=\"600\" class=\"skip-lazy fg-image\" data-src-fg=\"https:\/\/www.agrft.uni-lj.si\/festival\/wp-content\/uploads\/sites\/4\/cache\/2025\/09\/KraljevaDruzina_AGRFT-DOKU-1\/1989700706.jpg\" src=\"data:image\/svg+xml,%3Csvg%20xmlns%3D%22http%3A%2F%2Fwww.w3.org%2F2000%2Fsvg%22%20width%3D%22800%22%20height%3D%22600%22%20viewBox%3D%220%200%20800%20600%22%3E%3C%2Fsvg%3E\" loading=\"eager\"><\/span><span class=\"fg-image-overlay\"><\/span><\/a><\/figure><div class=\"fg-loader\"><\/div><\/div><div class=\"fg-item fg-type-image fg-idle\"><figure class=\"fg-item-inner\"><a href=\"https:\/\/www.agrft.uni-lj.si\/festival\/wp-content\/uploads\/sites\/4\/2025\/09\/L_BUTOH-scaled.png\" data-attachment-id=\"1464\" data-type=\"image\" class=\"fg-thumb\"><span class=\"fg-image-wrap\"><img decoding=\"async\" width=\"800\" height=\"600\" class=\"skip-lazy fg-image\" data-src-fg=\"https:\/\/www.agrft.uni-lj.si\/festival\/wp-content\/uploads\/sites\/4\/cache\/2025\/09\/L_BUTOH-scaled\/2731731640.png\" src=\"data:image\/svg+xml,%3Csvg%20xmlns%3D%22http%3A%2F%2Fwww.w3.org%2F2000%2Fsvg%22%20width%3D%22800%22%20height%3D%22600%22%20viewBox%3D%220%200%20800%20600%22%3E%3C%2Fsvg%3E\" loading=\"eager\"><\/span><span class=\"fg-image-overlay\"><\/span><\/a><\/figure><div class=\"fg-loader\"><\/div><\/div><div class=\"fg-item fg-type-image fg-idle\"><figure class=\"fg-item-inner\"><a href=\"https:\/\/www.agrft.uni-lj.si\/festival\/wp-content\/uploads\/sites\/4\/2025\/09\/KakoSemCakalNaSonce_AGRFT-DOKU-2.jpeg\" data-attachment-id=\"1458\" data-type=\"image\" class=\"fg-thumb\"><span class=\"fg-image-wrap\"><img decoding=\"async\" width=\"800\" height=\"600\" class=\"skip-lazy fg-image\" data-src-fg=\"https:\/\/www.agrft.uni-lj.si\/festival\/wp-content\/uploads\/sites\/4\/cache\/2025\/09\/KakoSemCakalNaSonce_AGRFT-DOKU-2\/1874364092.jpeg\" src=\"data:image\/svg+xml,%3Csvg%20xmlns%3D%22http%3A%2F%2Fwww.w3.org%2F2000%2Fsvg%22%20width%3D%22800%22%20height%3D%22600%22%20viewBox%3D%220%200%20800%20600%22%3E%3C%2Fsvg%3E\" loading=\"eager\"><\/span><span class=\"fg-image-overlay\"><\/span><\/a><\/figure><div class=\"fg-loader\"><\/div><\/div><div class=\"fg-item fg-type-image fg-idle\"><figure class=\"fg-item-inner\"><a href=\"https:\/\/www.agrft.uni-lj.si\/festival\/wp-content\/uploads\/sites\/4\/2025\/09\/brez-naslova-Niels-Lyhne_BUTOH-scaled.png\" data-attachment-id=\"1453\" data-type=\"image\" class=\"fg-thumb\"><span class=\"fg-image-wrap\"><img decoding=\"async\" width=\"800\" height=\"600\" class=\"skip-lazy fg-image\" data-src-fg=\"https:\/\/www.agrft.uni-lj.si\/festival\/wp-content\/uploads\/sites\/4\/cache\/2025\/09\/brez-naslova-Niels-Lyhne_BUTOH-scaled\/1218410114.png\" src=\"data:image\/svg+xml,%3Csvg%20xmlns%3D%22http%3A%2F%2Fwww.w3.org%2F2000%2Fsvg%22%20width%3D%22800%22%20height%3D%22600%22%20viewBox%3D%220%200%20800%20600%22%3E%3C%2Fsvg%3E\" loading=\"eager\"><\/span><span class=\"fg-image-overlay\"><\/span><\/a><\/figure><div class=\"fg-loader\"><\/div><\/div>\t<\/div>\n\t<div class=\"fg-carousel-bottom\"><\/div>\n\t<div class=\"fg-carousel-progress\"><\/div>\n\t<button type=\"button\" class=\"fg-carousel-next\" title=\"Next\"><\/button>\n<\/div>\n\n\n<p class=\"has-accent-1-color has-text-color has-link-color wp-elements-b92372d23bdcad35ffa480d6dda29da6\"><strong>30. 9. \u2014 5. 10. 2025<\/strong><\/p>\n\n\n\n<p>Vsi dogodki so <em>brezpla\u010dni<\/em>, obvezna pa je <em>rezervacija vstopnic<\/em> za vsak posamezni dogodek.<\/p>\n\n\n\n<h2 class=\"wp-block-heading is-style-default has-background has-wesna-font-family\" style=\"border-top-style:none;border-top-width:0px;background:linear-gradient(0deg,rgb(237,22,81) 0%,rgb(253,233,241) 19%);margin-top:0;margin-bottom:0;padding-top:var(--wp--preset--spacing--40);padding-right:0;padding-bottom:var(--wp--preset--spacing--40);padding-left:0;font-size:clamp(1.743rem, 1.743rem + ((1vw - 0.2rem) * 1.972), 3rem);\"><a href=\"https:\/\/www.agrft.uni-lj.si\/festival\/dogodki\/\" data-type=\"page\" data-id=\"1017\">PROGRAM<\/a><\/h2>\n\n\n\n<h2 class=\"wp-block-heading is-style-default has-background has-wesna-font-family\" style=\"border-top-style:none;border-top-width:0px;background:linear-gradient(0deg,rgb(237,22,81) 0%,rgb(253,233,241) 19%);margin-top:0;margin-bottom:0;padding-top:var(--wp--preset--spacing--40);padding-right:0;padding-bottom:var(--wp--preset--spacing--40);padding-left:0;font-size:clamp(1.453rem, 1.453rem + ((1vw - 0.2rem) * 1.485), 2.4rem);\"><a href=\"https:\/\/www.agrft.uni-lj.si\/festival\/kontakt\/\" data-type=\"page\" data-id=\"1103\">KONTAKT<\/a><\/h2>\n\n\n\n<p class=\"has-contrast-color has-text-color has-link-color wp-elements-fdac347d36b4effa30e9110732e9fdd8\" style=\"letter-spacing:%;line-height:1.5\">Ob rezervaciji kart lahko ne prejmete potrditvenega elektronskega sporo\u010dila, kar posku\u0161amo odpraviti. Va\u0161a rezervacija je vseeno zabele\u017eena in ostaja veljavna.<\/p>\n","protected":false},"excerpt":{"rendered":"<p>30. 9. \u2014 5. 10. 2025 Vsi dogodki so brezpla\u010dni, obvezna pa je rezervacija vstopnic za vsak posamezni dogodek. PROGRAM KONTAKT Ob rezervaciji kart lahko ne prejmete potrditvenega elektronskega sporo\u010dila, [&hellip;]<\/p>\n","protected":false},"author":17,"featured_media":0,"parent":0,"menu_order":0,"comment_status":"closed","ping_status":"closed","template":"","meta":{"_EventAllDay":false,"_EventTimezone":"","_EventStartDate":"","_EventEndDate":"","_EventStartDateUTC":"","_EventEndDateUTC":"","_EventShowMap":false,"_EventShowMapLink":false,"_EventURL":"","_EventCost":"","_EventCostDescription":"","_EventCurrencySymbol":"","_EventCurrencyCode":"","_EventCurrencyPosition":"","_EventDateTimeSeparator":"","_EventTimeRangeSeparator":"","_EventOrganizerID":[],"_EventVenueID":[],"_OrganizerEmail":"","_OrganizerPhone":"","_OrganizerWebsite":"","_VenueAddress":"","_VenueCity":"","_VenueCountry":"","_VenueProvince":"","_VenueState":"","_VenueZip":"","_VenuePhone":"","_VenueURL":"","_VenueStateProvince":"","_VenueLat":"","_VenueLng":"","_VenueShowMap":false,"_VenueShowMapLink":false,"_price":"","_stock":"","_tribe_ticket_header":"","_tribe_default_ticket_provider":"","_tribe_ticket_capacity":"0","_ticket_start_date":"","_ticket_end_date":"","_tribe_ticket_show_description":"","_tribe_ticket_show_not_going":false,"_tribe_ticket_use_global_stock":"","_tribe_ticket_global_stock_level":"","_global_stock_mode":"","_global_stock_cap":"","_tribe_rsvp_for_event":"","_tribe_ticket_going_count":"","_tribe_ticket_not_going_count":"","_tribe_tickets_list":"[]","_tribe_ticket_has_attendee_info_fields":false,"cybocfi_hide_featured_image":"","footnotes":"","_tec_slr_enabled":"","_tec_slr_layout":"","_links_to":"","_links_to_target":""},"class_list":["post-1098","page","type-page","status-publish","hentry"],"ticketed":false,"_links":{"self":[{"href":"https:\/\/www.agrft.uni-lj.si\/festival\/wp-json\/wp\/v2\/pages\/1098","targetHints":{"allow":["GET"]}}],"collection":[{"href":"https:\/\/www.agrft.uni-lj.si\/festival\/wp-json\/wp\/v2\/pages"}],"about":[{"href":"https:\/\/www.agrft.uni-lj.si\/festival\/wp-json\/wp\/v2\/types\/page"}],"author":[{"embeddable":true,"href":"https:\/\/www.agrft.uni-lj.si\/festival\/wp-json\/wp\/v2\/users\/17"}],"replies":[{"embeddable":true,"href":"https:\/\/www.agrft.uni-lj.si\/festival\/wp-json\/wp\/v2\/comments?post=1098"}],"version-history":[{"count":29,"href":"https:\/\/www.agrft.uni-lj.si\/festival\/wp-json\/wp\/v2\/pages\/1098\/revisions"}],"predecessor-version":[{"id":2212,"href":"https:\/\/www.agrft.uni-lj.si\/festival\/wp-json\/wp\/v2\/pages\/1098\/revisions\/2212"}],"wp:attachment":[{"href":"https:\/\/www.agrft.uni-lj.si\/festival\/wp-json\/wp\/v2\/media?parent=1098"}],"curies":[{"name":"wp","href":"https:\/\/api.w.org\/{rel}","templated":true}]}}